{"id":143,"date":"2019-04-12T07:15:40","date_gmt":"2019-04-12T07:15:40","guid":{"rendered":"https:\/\/demo.themespiral.com\/freenews\/?page_id=143"},"modified":"2023-09-18T17:04:33","modified_gmt":"2023-09-18T17:04:33","slug":"contact","status":"publish","type":"page","link":"https:\/\/saptamana.md\/index.php\/contact\/","title":{"rendered":"Contacte"},"content":{"rendered":"\r\n\r\n\r\n<p><strong>Redac\u0163ia:<\/strong> str. str. Pu\u015fkin 22, etajul 5 &#8211; CHI\u015eIN\u0102U, MD2012,<br \/><strong>Telefon<\/strong> 069918877,<br \/><strong>IDNO<\/strong> 1003600035945,<br \/><strong>E-mail<\/strong> olteanu1515@gmail.com<br \/><strong>ISSN<\/strong> 1857-2332,<br \/><strong>PUBLICITATE:<\/strong> tel. 069918877.<\/p>\r\n","protected":false},"excerpt":{"rendered":"<p>Redac\u0163ia: str. str. Pu\u015fkin 22, etajul 5 &#8211; CHI\u015eIN\u0102U, MD2012,Telefon 069918877,IDNO 1003600035945,E-mail olteanu1515@gmail.comISSN 1857-2332,PUBLICITATE: tel&#8230;.<\/p>\n","protected":false},"author":2,"featured_media":0,"parent":0,"menu_order":0,"comment_status":"closed","ping_status":"closed","template":"","meta":{"footnotes":""},"_links":{"self":[{"href":"https:\/\/saptamana.md\/index.php\/wp-json\/wp\/v2\/pages\/143"}],"collection":[{"href":"https:\/\/saptamana.md\/index.php\/wp-json\/wp\/v2\/pages"}],"about":[{"href":"https:\/\/saptamana.md\/index.php\/wp-json\/wp\/v2\/types\/page"}],"author":[{"embeddable":true,"href":"https:\/\/saptamana.md\/index.php\/wp-json\/wp\/v2\/users\/2"}],"replies":[{"embeddable":true,"href":"https:\/\/saptamana.md\/index.php\/wp-json\/wp\/v2\/comments?post=143"}],"version-history":[{"count":2,"href":"https:\/\/saptamana.md\/index.php\/wp-json\/wp\/v2\/pages\/143\/revisions"}],"predecessor-version":[{"id":3911,"href":"https:\/\/saptamana.md\/index.php\/wp-json\/wp\/v2\/pages\/143\/revisions\/3911"}],"wp:attachment":[{"href":"https:\/\/saptamana.md\/index.php\/wp-json\/wp\/v2\/media?parent=143"}],"curies":[{"name":"wp","href":"https:\/\/api.w.org\/{rel}","templated":true}]}}